{"id":514,"date":"2022-12-17T17:22:32","date_gmt":"2022-12-17T16:22:32","guid":{"rendered":"http:\/\/www.ulrikesbilderbuch.com\/?page_id=514"},"modified":"2023-12-31T09:57:24","modified_gmt":"2023-12-31T08:57:24","slug":"barock-sophia","status":"publish","type":"page","link":"https:\/\/www.ulrikesbilderbuch.com\/?page_id=514","title":{"rendered":"Kinderkost\u00fcme"},"content":{"rendered":"\n<figure class=\"wp-block-gallery has-nested-images columns-default is-cropped wp-block-gallery-1 is-layout-flex wp-block-gallery-is-layout-flex\">\n<figure class=\"wp-block-image size-large\"><a href=\"https:\/\/www.ulrikesbilderbuch.com\/wp-content\/uploads\/2023\/12\/NixeLore5-scaled.jpg\"><img loading=\"lazy\" decoding=\"async\" width=\"599\" height=\"1024\" data-id=\"1283\" src=\"https:\/\/www.ulrikesbilderbuch.com\/wp-content\/uploads\/2023\/12\/NixeLore5-599x1024.jpg\" alt=\"\" class=\"wp-image-1283\" srcset=\"https:\/\/www.ulrikesbilderbuch.com\/wp-content\/uploads\/2023\/12\/NixeLore5-599x1024.jpg 599w, https:\/\/www.ulrikesbilderbuch.com\/wp-content\/uploads\/2023\/12\/NixeLore5-175x300.jpg 175w, https:\/\/www.ulrikesbilderbuch.com\/wp-content\/uploads\/2023\/12\/NixeLore5-768x1314.jpg 768w, https:\/\/www.ulrikesbilderbuch.com\/wp-content\/uploads\/2023\/12\/NixeLore5-898x1536.jpg 898w, https:\/\/www.ulrikesbilderbuch.com\/wp-content\/uploads\/2023\/12\/NixeLore5-1197x2048.jpg 1197w, https:\/\/www.ulrikesbilderbuch.com\/wp-content\/uploads\/2023\/12\/NixeLore5-scaled.jpg 1496w\" sizes=\"auto, (max-width: 599px) 100vw, 599px\" \/><\/a><\/figure>\n\n\n\n<figure class=\"wp-block-image size-large\"><a href=\"https:\/\/www.ulrikesbilderbuch.com\/wp-content\/uploads\/2023\/12\/NixeLore4-scaled.jpg\"><img loading=\"lazy\" decoding=\"async\" width=\"578\" height=\"1024\" data-id=\"1282\" src=\"https:\/\/www.ulrikesbilderbuch.com\/wp-content\/uploads\/2023\/12\/NixeLore4-578x1024.jpg\" alt=\"\" class=\"wp-image-1282\" srcset=\"https:\/\/www.ulrikesbilderbuch.com\/wp-content\/uploads\/2023\/12\/NixeLore4-578x1024.jpg 578w, https:\/\/www.ulrikesbilderbuch.com\/wp-content\/uploads\/2023\/12\/NixeLore4-169x300.jpg 169w, https:\/\/www.ulrikesbilderbuch.com\/wp-content\/uploads\/2023\/12\/NixeLore4-768x1360.jpg 768w, https:\/\/www.ulrikesbilderbuch.com\/wp-content\/uploads\/2023\/12\/NixeLore4-867x1536.jpg 867w, https:\/\/www.ulrikesbilderbuch.com\/wp-content\/uploads\/2023\/12\/NixeLore4-1156x2048.jpg 1156w, https:\/\/www.ulrikesbilderbuch.com\/wp-content\/uploads\/2023\/12\/NixeLore4-scaled.jpg 1445w\" sizes=\"auto, (max-width: 578px) 100vw, 578px\" \/><\/a><\/figure>\n\n\n\n<figure class=\"wp-block-image size-large\"><a href=\"https:\/\/www.ulrikesbilderbuch.com\/wp-content\/uploads\/2023\/12\/NixeLore3-scaled.jpg\"><img loading=\"lazy\" decoding=\"async\" width=\"578\" height=\"1024\" data-id=\"1281\" src=\"https:\/\/www.ulrikesbilderbuch.com\/wp-content\/uploads\/2023\/12\/NixeLore3-578x1024.jpg\" alt=\"\" class=\"wp-image-1281\" srcset=\"https:\/\/www.ulrikesbilderbuch.com\/wp-content\/uploads\/2023\/12\/NixeLore3-578x1024.jpg 578w, https:\/\/www.ulrikesbilderbuch.com\/wp-content\/uploads\/2023\/12\/NixeLore3-169x300.jpg 169w, https:\/\/www.ulrikesbilderbuch.com\/wp-content\/uploads\/2023\/12\/NixeLore3-768x1360.jpg 768w, https:\/\/www.ulrikesbilderbuch.com\/wp-content\/uploads\/2023\/12\/NixeLore3-867x1536.jpg 867w, https:\/\/www.ulrikesbilderbuch.com\/wp-content\/uploads\/2023\/12\/NixeLore3-1156x2048.jpg 1156w, https:\/\/www.ulrikesbilderbuch.com\/wp-content\/uploads\/2023\/12\/NixeLore3-scaled.jpg 1445w\" sizes=\"auto, (max-width: 578px) 100vw, 578px\" \/><\/a><\/figure>\n\n\n\n<figure class=\"wp-block-image size-large\"><a href=\"https:\/\/www.ulrikesbilderbuch.com\/wp-content\/uploads\/2023\/12\/NixeLore2-scaled.jpg\"><img loading=\"lazy\" decoding=\"async\" width=\"578\" height=\"1024\" data-id=\"1280\" src=\"https:\/\/www.ulrikesbilderbuch.com\/wp-content\/uploads\/2023\/12\/NixeLore2-578x1024.jpg\" alt=\"\" class=\"wp-image-1280\" srcset=\"https:\/\/www.ulrikesbilderbuch.com\/wp-content\/uploads\/2023\/12\/NixeLore2-578x1024.jpg 578w, https:\/\/www.ulrikesbilderbuch.com\/wp-content\/uploads\/2023\/12\/NixeLore2-169x300.jpg 169w, https:\/\/www.ulrikesbilderbuch.com\/wp-content\/uploads\/2023\/12\/NixeLore2-768x1360.jpg 768w, https:\/\/www.ulrikesbilderbuch.com\/wp-content\/uploads\/2023\/12\/NixeLore2-867x1536.jpg 867w, https:\/\/www.ulrikesbilderbuch.com\/wp-content\/uploads\/2023\/12\/NixeLore2-1156x2048.jpg 1156w, https:\/\/www.ulrikesbilderbuch.com\/wp-content\/uploads\/2023\/12\/NixeLore2-scaled.jpg 1445w\" sizes=\"auto, (max-width: 578px) 100vw, 578px\" \/><\/a><\/figure>\n\n\n\n<figure class=\"wp-block-image size-large\"><a href=\"https:\/\/www.ulrikesbilderbuch.com\/wp-content\/uploads\/2023\/12\/NixeLore1-scaled.jpg\"><img loading=\"lazy\" decoding=\"async\" width=\"578\" height=\"1024\" data-id=\"1279\" src=\"https:\/\/www.ulrikesbilderbuch.com\/wp-content\/uploads\/2023\/12\/NixeLore1-578x1024.jpg\" alt=\"\" class=\"wp-image-1279\" srcset=\"https:\/\/www.ulrikesbilderbuch.com\/wp-content\/uploads\/2023\/12\/NixeLore1-578x1024.jpg 578w, https:\/\/www.ulrikesbilderbuch.com\/wp-content\/uploads\/2023\/12\/NixeLore1-169x300.jpg 169w, https:\/\/www.ulrikesbilderbuch.com\/wp-content\/uploads\/2023\/12\/NixeLore1-768x1360.jpg 768w, https:\/\/www.ulrikesbilderbuch.com\/wp-content\/uploads\/2023\/12\/NixeLore1-867x1536.jpg 867w, https:\/\/www.ulrikesbilderbuch.com\/wp-content\/uploads\/2023\/12\/NixeLore1-1156x2048.jpg 1156w, https:\/\/www.ulrikesbilderbuch.com\/wp-content\/uploads\/2023\/12\/NixeLore1-scaled.jpg 1445w\" sizes=\"auto, (max-width: 578px) 100vw, 578px\" \/><\/a><figcaption class=\"wp-element-caption\">Nixe Lore<\/figcaption><\/figure>\n<\/figure>\n\n\n\n<figure class=\"wp-block-gallery has-nested-images columns-default is-cropped wp-block-gallery-2 is-layout-flex wp-block-gallery-is-layout-flex\">\n<figure class=\"wp-block-image size-large\"><a href=\"https:\/\/www.ulrikesbilderbuch.com\/wp-content\/uploads\/2023\/12\/nixenkostuem2-scaled.jpg\"><img loading=\"lazy\" decoding=\"async\" width=\"1024\" height=\"1000\" data-id=\"1228\" src=\"https:\/\/www.ulrikesbilderbuch.com\/wp-content\/uploads\/2023\/12\/nixenkostuem2-1024x1000.jpg\" alt=\"\" class=\"wp-image-1228\" srcset=\"https:\/\/www.ulrikesbilderbuch.com\/wp-content\/uploads\/2023\/12\/nixenkostuem2-1024x1000.jpg 1024w, https:\/\/www.ulrikesbilderbuch.com\/wp-content\/uploads\/2023\/12\/nixenkostuem2-300x293.jpg 300w, https:\/\/www.ulrikesbilderbuch.com\/wp-content\/uploads\/2023\/12\/nixenkostuem2-768x750.jpg 768w, https:\/\/www.ulrikesbilderbuch.com\/wp-content\/uploads\/2023\/12\/nixenkostuem2-1536x1500.jpg 1536w, https:\/\/www.ulrikesbilderbuch.com\/wp-content\/uploads\/2023\/12\/nixenkostuem2-2048x2000.jpg 2048w\" sizes=\"auto, (max-width: 1024px) 100vw, 1024px\" \/><\/a><\/figure>\n\n\n\n<figure class=\"wp-block-image size-large\"><a href=\"https:\/\/www.ulrikesbilderbuch.com\/wp-content\/uploads\/2023\/12\/nixenkostuem1-scaled.jpg\"><img loading=\"lazy\" decoding=\"async\" width=\"597\" height=\"1024\" data-id=\"1227\" src=\"https:\/\/www.ulrikesbilderbuch.com\/wp-content\/uploads\/2023\/12\/nixenkostuem1-597x1024.jpg\" alt=\"\" class=\"wp-image-1227\" srcset=\"https:\/\/www.ulrikesbilderbuch.com\/wp-content\/uploads\/2023\/12\/nixenkostuem1-597x1024.jpg 597w, https:\/\/www.ulrikesbilderbuch.com\/wp-content\/uploads\/2023\/12\/nixenkostuem1-175x300.jpg 175w, https:\/\/www.ulrikesbilderbuch.com\/wp-content\/uploads\/2023\/12\/nixenkostuem1-768x1317.jpg 768w, https:\/\/www.ulrikesbilderbuch.com\/wp-content\/uploads\/2023\/12\/nixenkostuem1-896x1536.jpg 896w, https:\/\/www.ulrikesbilderbuch.com\/wp-content\/uploads\/2023\/12\/nixenkostuem1-1195x2048.jpg 1195w, https:\/\/www.ulrikesbilderbuch.com\/wp-content\/uploads\/2023\/12\/nixenkostuem1-scaled.jpg 1493w\" sizes=\"auto, (max-width: 597px) 100vw, 597px\" \/><\/a><figcaption class=\"wp-element-caption\">Nixenkost\u00fcm f\u00fcr Lore (3 Jahre)<\/figcaption><\/figure>\n<\/figure>\n\n\n\n<figure class=\"wp-block-gallery has-nested-images columns-default is-cropped wp-block-gallery-3 is-layout-flex wp-block-gallery-is-layout-flex\">\n<figure class=\"wp-block-image size-large\"><a href=\"https:\/\/www.ulrikesbilderbuch.com\/wp-content\/uploads\/2022\/12\/Annapanther3-scaled.jpg\"><img loading=\"lazy\" decoding=\"async\" width=\"381\" height=\"1024\" data-id=\"127\" src=\"https:\/\/www.ulrikesbilderbuch.com\/wp-content\/uploads\/2022\/12\/Annapanther3-381x1024.jpg\" alt=\"Rosaroter Panther, selbstgeschneidertes Kost\u00fcm\" class=\"wp-image-127\" srcset=\"https:\/\/www.ulrikesbilderbuch.com\/wp-content\/uploads\/2022\/12\/Annapanther3-381x1024.jpg 381w, https:\/\/www.ulrikesbilderbuch.com\/wp-content\/uploads\/2022\/12\/Annapanther3-112x300.jpg 112w, https:\/\/www.ulrikesbilderbuch.com\/wp-content\/uploads\/2022\/12\/Annapanther3-768x2064.jpg 768w, https:\/\/www.ulrikesbilderbuch.com\/wp-content\/uploads\/2022\/12\/Annapanther3-572x1536.jpg 572w, https:\/\/www.ulrikesbilderbuch.com\/wp-content\/uploads\/2022\/12\/Annapanther3-762x2048.jpg 762w, https:\/\/www.ulrikesbilderbuch.com\/wp-content\/uploads\/2022\/12\/Annapanther3-scaled.jpg 953w\" sizes=\"auto, (max-width: 381px) 100vw, 381px\" \/><\/a><\/figure>\n\n\n\n<figure class=\"wp-block-image size-large\"><a href=\"https:\/\/www.ulrikesbilderbuch.com\/wp-content\/uploads\/2022\/12\/Annapanther2-scaled.jpg\"><img loading=\"lazy\" decoding=\"async\" width=\"511\" height=\"1024\" data-id=\"126\" src=\"https:\/\/www.ulrikesbilderbuch.com\/wp-content\/uploads\/2022\/12\/Annapanther2-511x1024.jpg\" alt=\"Rosaroter Panther, selbstgeschneidertes Kost\u00fcm\" class=\"wp-image-126\" srcset=\"https:\/\/www.ulrikesbilderbuch.com\/wp-content\/uploads\/2022\/12\/Annapanther2-511x1024.jpg 511w, https:\/\/www.ulrikesbilderbuch.com\/wp-content\/uploads\/2022\/12\/Annapanther2-150x300.jpg 150w, https:\/\/www.ulrikesbilderbuch.com\/wp-content\/uploads\/2022\/12\/Annapanther2-768x1539.jpg 768w, https:\/\/www.ulrikesbilderbuch.com\/wp-content\/uploads\/2022\/12\/Annapanther2-767x1536.jpg 767w, https:\/\/www.ulrikesbilderbuch.com\/wp-content\/uploads\/2022\/12\/Annapanther2-1022x2048.jpg 1022w, https:\/\/www.ulrikesbilderbuch.com\/wp-content\/uploads\/2022\/12\/Annapanther2-scaled.jpg 1278w\" sizes=\"auto, (max-width: 511px) 100vw, 511px\" \/><\/a><figcaption class=\"wp-element-caption\">Pink Panther f\u00fcr Anna umgen\u00e4ht (10 Jahre)<\/figcaption><\/figure>\n\n\n\n<figure class=\"wp-block-image size-large\"><a href=\"https:\/\/www.ulrikesbilderbuch.com\/wp-content\/uploads\/2022\/12\/Annapanther1-scaled.jpg\"><img loading=\"lazy\" decoding=\"async\" width=\"359\" height=\"1024\" data-id=\"125\" src=\"https:\/\/www.ulrikesbilderbuch.com\/wp-content\/uploads\/2022\/12\/Annapanther1-359x1024.jpg\" alt=\"Rosaroter Panther, selbstgeschneidertes Kost\u00fcm\" class=\"wp-image-125\" srcset=\"https:\/\/www.ulrikesbilderbuch.com\/wp-content\/uploads\/2022\/12\/Annapanther1-359x1024.jpg 359w, https:\/\/www.ulrikesbilderbuch.com\/wp-content\/uploads\/2022\/12\/Annapanther1-105x300.jpg 105w, https:\/\/www.ulrikesbilderbuch.com\/wp-content\/uploads\/2022\/12\/Annapanther1-768x2192.jpg 768w, https:\/\/www.ulrikesbilderbuch.com\/wp-content\/uploads\/2022\/12\/Annapanther1-538x1536.jpg 538w, https:\/\/www.ulrikesbilderbuch.com\/wp-content\/uploads\/2022\/12\/Annapanther1-717x2048.jpg 717w, https:\/\/www.ulrikesbilderbuch.com\/wp-content\/uploads\/2022\/12\/Annapanther1-scaled.jpg 897w\" sizes=\"auto, (max-width: 359px) 100vw, 359px\" \/><\/a><\/figure>\n<\/figure>\n\n\n\n<figure class=\"wp-block-gallery has-nested-images columns-default is-cropped wp-block-gallery-4 is-layout-flex wp-block-gallery-is-layout-flex\">\n<figure class=\"wp-block-image size-large\"><a href=\"https:\/\/www.ulrikesbilderbuch.com\/wp-content\/uploads\/2022\/12\/Sophia3-scaled.jpg\"><img loading=\"lazy\" decoding=\"async\" width=\"702\" height=\"1024\" data-id=\"144\" src=\"https:\/\/www.ulrikesbilderbuch.com\/wp-content\/uploads\/2022\/12\/Sophia3-702x1024.jpg\" alt=\"\" class=\"wp-image-144\" srcset=\"https:\/\/www.ulrikesbilderbuch.com\/wp-content\/uploads\/2022\/12\/Sophia3-702x1024.jpg 702w, https:\/\/www.ulrikesbilderbuch.com\/wp-content\/uploads\/2022\/12\/Sophia3-206x300.jpg 206w, https:\/\/www.ulrikesbilderbuch.com\/wp-content\/uploads\/2022\/12\/Sophia3-768x1120.jpg 768w, https:\/\/www.ulrikesbilderbuch.com\/wp-content\/uploads\/2022\/12\/Sophia3-1053x1536.jpg 1053w, https:\/\/www.ulrikesbilderbuch.com\/wp-content\/uploads\/2022\/12\/Sophia3-1404x2048.jpg 1404w, https:\/\/www.ulrikesbilderbuch.com\/wp-content\/uploads\/2022\/12\/Sophia3-scaled.jpg 1755w\" sizes=\"auto, (max-width: 702px) 100vw, 702px\" \/><\/a><\/figure>\n\n\n\n<figure class=\"wp-block-image size-large\"><a href=\"https:\/\/www.ulrikesbilderbuch.com\/wp-content\/uploads\/2022\/12\/Sophia2-665x1024.jpg\"><img loading=\"lazy\" decoding=\"async\" width=\"665\" height=\"1024\" data-id=\"143\" src=\"https:\/\/www.ulrikesbilderbuch.com\/wp-content\/uploads\/2022\/12\/Sophia2-665x1024.jpg\" alt=\"\" class=\"wp-image-143\" srcset=\"https:\/\/www.ulrikesbilderbuch.com\/wp-content\/uploads\/2022\/12\/Sophia2-665x1024.jpg 665w, https:\/\/www.ulrikesbilderbuch.com\/wp-content\/uploads\/2022\/12\/Sophia2-195x300.jpg 195w, https:\/\/www.ulrikesbilderbuch.com\/wp-content\/uploads\/2022\/12\/Sophia2-768x1183.jpg 768w, https:\/\/www.ulrikesbilderbuch.com\/wp-content\/uploads\/2022\/12\/Sophia2-997x1536.jpg 997w, https:\/\/www.ulrikesbilderbuch.com\/wp-content\/uploads\/2022\/12\/Sophia2-1330x2048.jpg 1330w, https:\/\/www.ulrikesbilderbuch.com\/wp-content\/uploads\/2022\/12\/Sophia2-scaled.jpg 1662w\" sizes=\"auto, (max-width: 665px) 100vw, 665px\" \/><\/a><\/figure>\n\n\n\n<figure class=\"wp-block-image size-large\"><a href=\"https:\/\/www.ulrikesbilderbuch.com\/wp-content\/uploads\/2022\/12\/S3-scaled.jpg\"><img loading=\"lazy\" decoding=\"async\" width=\"731\" height=\"1024\" data-id=\"140\" src=\"https:\/\/www.ulrikesbilderbuch.com\/wp-content\/uploads\/2022\/12\/S3-731x1024.jpg\" alt=\"\" class=\"wp-image-140\" srcset=\"https:\/\/www.ulrikesbilderbuch.com\/wp-content\/uploads\/2022\/12\/S3-731x1024.jpg 731w, https:\/\/www.ulrikesbilderbuch.com\/wp-content\/uploads\/2022\/12\/S3-214x300.jpg 214w, https:\/\/www.ulrikesbilderbuch.com\/wp-content\/uploads\/2022\/12\/S3-768x1076.jpg 768w, https:\/\/www.ulrikesbilderbuch.com\/wp-content\/uploads\/2022\/12\/S3-1097x1536.jpg 1097w, https:\/\/www.ulrikesbilderbuch.com\/wp-content\/uploads\/2022\/12\/S3-1462x2048.jpg 1462w, https:\/\/www.ulrikesbilderbuch.com\/wp-content\/uploads\/2022\/12\/S3-scaled.jpg 1828w\" sizes=\"auto, (max-width: 731px) 100vw, 731px\" \/><\/a><\/figure>\n\n\n\n<figure class=\"wp-block-image size-large\"><a href=\"https:\/\/www.ulrikesbilderbuch.com\/wp-content\/uploads\/2022\/12\/IMG_4388.jpg\"><img loading=\"lazy\" decoding=\"async\" width=\"691\" height=\"1024\" data-id=\"139\" src=\"https:\/\/www.ulrikesbilderbuch.com\/wp-content\/uploads\/2022\/12\/IMG_4388-691x1024.jpg\" alt=\"\" class=\"wp-image-139\" srcset=\"https:\/\/www.ulrikesbilderbuch.com\/wp-content\/uploads\/2022\/12\/IMG_4388-691x1024.jpg 691w, https:\/\/www.ulrikesbilderbuch.com\/wp-content\/uploads\/2022\/12\/IMG_4388-202x300.jpg 202w, https:\/\/www.ulrikesbilderbuch.com\/wp-content\/uploads\/2022\/12\/IMG_4388-768x1139.jpg 768w, https:\/\/www.ulrikesbilderbuch.com\/wp-content\/uploads\/2022\/12\/IMG_4388.jpg 1021w\" sizes=\"auto, (max-width: 691px) 100vw, 691px\" \/><\/a><\/figure>\n\n\n\n<figure class=\"wp-block-image size-large\"><a href=\"https:\/\/www.ulrikesbilderbuch.com\/wp-content\/uploads\/2022\/12\/IMG_4385.jpg\"><img loading=\"lazy\" decoding=\"async\" width=\"706\" height=\"1024\" data-id=\"138\" src=\"https:\/\/www.ulrikesbilderbuch.com\/wp-content\/uploads\/2022\/12\/IMG_4385-706x1024.jpg\" alt=\"\" class=\"wp-image-138\" srcset=\"https:\/\/www.ulrikesbilderbuch.com\/wp-content\/uploads\/2022\/12\/IMG_4385-706x1024.jpg 706w, https:\/\/www.ulrikesbilderbuch.com\/wp-content\/uploads\/2022\/12\/IMG_4385-207x300.jpg 207w, https:\/\/www.ulrikesbilderbuch.com\/wp-content\/uploads\/2022\/12\/IMG_4385-768x1114.jpg 768w, https:\/\/www.ulrikesbilderbuch.com\/wp-content\/uploads\/2022\/12\/IMG_4385.jpg 968w\" sizes=\"auto, (max-width: 706px) 100vw, 706px\" \/><\/a><\/figure>\n\n\n\n<figure class=\"wp-block-image size-large\"><a href=\"https:\/\/www.ulrikesbilderbuch.com\/wp-content\/uploads\/2022\/12\/IMG_4381.jpg\"><img loading=\"lazy\" decoding=\"async\" width=\"748\" height=\"1024\" data-id=\"137\" src=\"https:\/\/www.ulrikesbilderbuch.com\/wp-content\/uploads\/2022\/12\/IMG_4381-748x1024.jpg\" alt=\"\" class=\"wp-image-137\" srcset=\"https:\/\/www.ulrikesbilderbuch.com\/wp-content\/uploads\/2022\/12\/IMG_4381-748x1024.jpg 748w, https:\/\/www.ulrikesbilderbuch.com\/wp-content\/uploads\/2022\/12\/IMG_4381-219x300.jpg 219w, https:\/\/www.ulrikesbilderbuch.com\/wp-content\/uploads\/2022\/12\/IMG_4381-768x1051.jpg 768w, https:\/\/www.ulrikesbilderbuch.com\/wp-content\/uploads\/2022\/12\/IMG_4381.jpg 960w\" sizes=\"auto, (max-width: 748px) 100vw, 748px\" \/><\/a><\/figure>\n\n\n\n<figure class=\"wp-block-image size-large\"><a href=\"https:\/\/www.ulrikesbilderbuch.com\/wp-content\/uploads\/2022\/12\/IMG_4380.jpg\"><img loading=\"lazy\" decoding=\"async\" width=\"626\" height=\"1024\" data-id=\"136\" src=\"https:\/\/www.ulrikesbilderbuch.com\/wp-content\/uploads\/2022\/12\/IMG_4380-626x1024.jpg\" alt=\"\" class=\"wp-image-136\" srcset=\"https:\/\/www.ulrikesbilderbuch.com\/wp-content\/uploads\/2022\/12\/IMG_4380-626x1024.jpg 626w, https:\/\/www.ulrikesbilderbuch.com\/wp-content\/uploads\/2022\/12\/IMG_4380-183x300.jpg 183w, https:\/\/www.ulrikesbilderbuch.com\/wp-content\/uploads\/2022\/12\/IMG_4380-768x1256.jpg 768w, https:\/\/www.ulrikesbilderbuch.com\/wp-content\/uploads\/2022\/12\/IMG_4380-939x1536.jpg 939w, https:\/\/www.ulrikesbilderbuch.com\/wp-content\/uploads\/2022\/12\/IMG_4380.jpg 955w\" sizes=\"auto, (max-width: 626px) 100vw, 626px\" \/><\/a><figcaption class=\"wp-element-caption\">Barockkleid f\u00fcr Sophia (4 Jahre)<\/figcaption><\/figure>\n<\/figure>\n\n\n\n<figure class=\"wp-block-gallery has-nested-images columns-default is-cropped wp-block-gallery-5 is-layout-flex wp-block-gallery-is-layout-flex\">\n<figure class=\"wp-block-image size-large\"><a href=\"https:\/\/www.ulrikesbilderbuch.com\/wp-content\/uploads\/2022\/12\/K6-scaled.jpg\"><img loading=\"lazy\" decoding=\"async\" width=\"768\" height=\"1024\" data-id=\"210\" src=\"https:\/\/www.ulrikesbilderbuch.com\/wp-content\/uploads\/2022\/12\/K6-768x1024.jpg\" alt=\"Kost\u00fcm Krankenschwester\" class=\"wp-image-210\" srcset=\"https:\/\/www.ulrikesbilderbuch.com\/wp-content\/uploads\/2022\/12\/K6-768x1024.jpg 768w, https:\/\/www.ulrikesbilderbuch.com\/wp-content\/uploads\/2022\/12\/K6-225x300.jpg 225w, https:\/\/www.ulrikesbilderbuch.com\/wp-content\/uploads\/2022\/12\/K6-1152x1536.jpg 1152w, https:\/\/www.ulrikesbilderbuch.com\/wp-content\/uploads\/2022\/12\/K6-1536x2048.jpg 1536w, https:\/\/www.ulrikesbilderbuch.com\/wp-content\/uploads\/2022\/12\/K6-scaled.jpg 1920w\" sizes=\"auto, (max-width: 768px) 100vw, 768px\" \/><\/a><\/figure>\n\n\n\n<figure class=\"wp-block-image size-large\"><a href=\"https:\/\/www.ulrikesbilderbuch.com\/wp-content\/uploads\/2022\/12\/K5-scaled.jpg\"><img loading=\"lazy\" decoding=\"async\" width=\"768\" height=\"1024\" data-id=\"209\" src=\"https:\/\/www.ulrikesbilderbuch.com\/wp-content\/uploads\/2022\/12\/K5-768x1024.jpg\" alt=\"Kost\u00fcm Krankenschwester\" class=\"wp-image-209\" srcset=\"https:\/\/www.ulrikesbilderbuch.com\/wp-content\/uploads\/2022\/12\/K5-768x1024.jpg 768w, https:\/\/www.ulrikesbilderbuch.com\/wp-content\/uploads\/2022\/12\/K5-225x300.jpg 225w, https:\/\/www.ulrikesbilderbuch.com\/wp-content\/uploads\/2022\/12\/K5-1152x1536.jpg 1152w, https:\/\/www.ulrikesbilderbuch.com\/wp-content\/uploads\/2022\/12\/K5-1536x2048.jpg 1536w, https:\/\/www.ulrikesbilderbuch.com\/wp-content\/uploads\/2022\/12\/K5-scaled.jpg 1920w\" sizes=\"auto, (max-width: 768px) 100vw, 768px\" \/><\/a><figcaption class=\"wp-element-caption\">historisches Krankenschwesternkost\u00fcm f\u00fcr Anna (11 Jahre)<\/figcaption><\/figure>\n\n\n\n<figure class=\"wp-block-image size-large\"><a href=\"https:\/\/www.ulrikesbilderbuch.com\/wp-content\/uploads\/2022\/12\/K2-scaled.jpg\"><img loading=\"lazy\" decoding=\"async\" width=\"373\" height=\"1024\" data-id=\"206\" src=\"https:\/\/www.ulrikesbilderbuch.com\/wp-content\/uploads\/2022\/12\/K2-373x1024.jpg\" alt=\"Kost\u00fcm Krankenschwester\" class=\"wp-image-206\" srcset=\"https:\/\/www.ulrikesbilderbuch.com\/wp-content\/uploads\/2022\/12\/K2-373x1024.jpg 373w, https:\/\/www.ulrikesbilderbuch.com\/wp-content\/uploads\/2022\/12\/K2-109x300.jpg 109w, https:\/\/www.ulrikesbilderbuch.com\/wp-content\/uploads\/2022\/12\/K2-768x2108.jpg 768w, https:\/\/www.ulrikesbilderbuch.com\/wp-content\/uploads\/2022\/12\/K2-559x1536.jpg 559w, https:\/\/www.ulrikesbilderbuch.com\/wp-content\/uploads\/2022\/12\/K2-746x2048.jpg 746w, https:\/\/www.ulrikesbilderbuch.com\/wp-content\/uploads\/2022\/12\/K2-scaled.jpg 932w\" sizes=\"auto, (max-width: 373px) 100vw, 373px\" \/><\/a><\/figure>\n<\/figure>\n\n\n\n<figure class=\"wp-block-gallery has-nested-images columns-default is-cropped wp-block-gallery-6 is-layout-flex wp-block-gallery-is-layout-flex\">\n<figure class=\"wp-block-image size-large\"><a href=\"https:\/\/www.ulrikesbilderbuch.com\/wp-content\/uploads\/2022\/12\/Barock7-scaled.jpg\"><img loading=\"lazy\" decoding=\"async\" width=\"597\" height=\"1024\" data-id=\"198\" src=\"https:\/\/www.ulrikesbilderbuch.com\/wp-content\/uploads\/2022\/12\/Barock7-597x1024.jpg\" alt=\"Ma\u00dfgeschneidertes Barockkost\u00fcm f\u00fcr kleines M\u00e4dchen\" class=\"wp-image-198\" srcset=\"https:\/\/www.ulrikesbilderbuch.com\/wp-content\/uploads\/2022\/12\/Barock7-597x1024.jpg 597w, https:\/\/www.ulrikesbilderbuch.com\/wp-content\/uploads\/2022\/12\/Barock7-175x300.jpg 175w, https:\/\/www.ulrikesbilderbuch.com\/wp-content\/uploads\/2022\/12\/Barock7-768x1316.jpg 768w, https:\/\/www.ulrikesbilderbuch.com\/wp-content\/uploads\/2022\/12\/Barock7-896x1536.jpg 896w, https:\/\/www.ulrikesbilderbuch.com\/wp-content\/uploads\/2022\/12\/Barock7-1195x2048.jpg 1195w, https:\/\/www.ulrikesbilderbuch.com\/wp-content\/uploads\/2022\/12\/Barock7-scaled.jpg 1494w\" sizes=\"auto, (max-width: 597px) 100vw, 597px\" \/><\/a><\/figure>\n\n\n\n<figure class=\"wp-block-image size-large\"><a href=\"https:\/\/www.ulrikesbilderbuch.com\/wp-content\/uploads\/2022\/12\/Barock6-scaled.jpg\"><img loading=\"lazy\" decoding=\"async\" width=\"599\" height=\"1024\" data-id=\"197\" src=\"https:\/\/www.ulrikesbilderbuch.com\/wp-content\/uploads\/2022\/12\/Barock6-599x1024.jpg\" alt=\"Ma\u00dfgeschneidertes Barockkost\u00fcm f\u00fcr kleines M\u00e4dchen\" class=\"wp-image-197\" srcset=\"https:\/\/www.ulrikesbilderbuch.com\/wp-content\/uploads\/2022\/12\/Barock6-599x1024.jpg 599w, https:\/\/www.ulrikesbilderbuch.com\/wp-content\/uploads\/2022\/12\/Barock6-175x300.jpg 175w, https:\/\/www.ulrikesbilderbuch.com\/wp-content\/uploads\/2022\/12\/Barock6-768x1314.jpg 768w, https:\/\/www.ulrikesbilderbuch.com\/wp-content\/uploads\/2022\/12\/Barock6-898x1536.jpg 898w, https:\/\/www.ulrikesbilderbuch.com\/wp-content\/uploads\/2022\/12\/Barock6-1197x2048.jpg 1197w, https:\/\/www.ulrikesbilderbuch.com\/wp-content\/uploads\/2022\/12\/Barock6-scaled.jpg 1497w\" sizes=\"auto, (max-width: 599px) 100vw, 599px\" \/><\/a><\/figure>\n\n\n\n<figure class=\"wp-block-image size-large\"><a href=\"https:\/\/www.ulrikesbilderbuch.com\/wp-content\/uploads\/2022\/12\/Barock5-scaled.jpg\"><img loading=\"lazy\" decoding=\"async\" width=\"639\" height=\"1024\" data-id=\"196\" src=\"https:\/\/www.ulrikesbilderbuch.com\/wp-content\/uploads\/2022\/12\/Barock5-639x1024.jpg\" alt=\"Ma\u00dfgeschneidertes Barockkost\u00fcm f\u00fcr kleines M\u00e4dchen\" class=\"wp-image-196\" srcset=\"https:\/\/www.ulrikesbilderbuch.com\/wp-content\/uploads\/2022\/12\/Barock5-639x1024.jpg 639w, https:\/\/www.ulrikesbilderbuch.com\/wp-content\/uploads\/2022\/12\/Barock5-187x300.jpg 187w, https:\/\/www.ulrikesbilderbuch.com\/wp-content\/uploads\/2022\/12\/Barock5-768x1231.jpg 768w, https:\/\/www.ulrikesbilderbuch.com\/wp-content\/uploads\/2022\/12\/Barock5-958x1536.jpg 958w, https:\/\/www.ulrikesbilderbuch.com\/wp-content\/uploads\/2022\/12\/Barock5-1277x2048.jpg 1277w, https:\/\/www.ulrikesbilderbuch.com\/wp-content\/uploads\/2022\/12\/Barock5-scaled.jpg 1597w\" sizes=\"auto, (max-width: 639px) 100vw, 639px\" \/><\/a><\/figure>\n\n\n\n<figure class=\"wp-block-image size-large\"><a href=\"https:\/\/www.ulrikesbilderbuch.com\/wp-content\/uploads\/2022\/12\/Barock4.jpg\"><img loading=\"lazy\" decoding=\"async\" width=\"547\" height=\"1024\" data-id=\"195\" src=\"https:\/\/www.ulrikesbilderbuch.com\/wp-content\/uploads\/2022\/12\/Barock4-547x1024.jpg\" alt=\"Ma\u00dfgeschneidertes Barockkost\u00fcm f\u00fcr kleines M\u00e4dchen\" class=\"wp-image-195\" srcset=\"https:\/\/www.ulrikesbilderbuch.com\/wp-content\/uploads\/2022\/12\/Barock4-547x1024.jpg 547w, https:\/\/www.ulrikesbilderbuch.com\/wp-content\/uploads\/2022\/12\/Barock4-160x300.jpg 160w, https:\/\/www.ulrikesbilderbuch.com\/wp-content\/uploads\/2022\/12\/Barock4-768x1439.jpg 768w, https:\/\/www.ulrikesbilderbuch.com\/wp-content\/uploads\/2022\/12\/Barock4-820x1536.jpg 820w, https:\/\/www.ulrikesbilderbuch.com\/wp-content\/uploads\/2022\/12\/Barock4-1093x2048.jpg 1093w, https:\/\/www.ulrikesbilderbuch.com\/wp-content\/uploads\/2022\/12\/Barock4.jpg 1291w\" sizes=\"auto, (max-width: 547px) 100vw, 547px\" \/><\/a><\/figure>\n<\/figure>\n","protected":false},"excerpt":{"rendered":"","protected":false},"author":1,"featured_media":1250,"parent":0,"menu_order":0,"comment_status":"closed","ping_status":"closed","template":"","meta":{"footnotes":""},"class_list":["post-514","page","type-page","status-publish","has-post-thumbnail","hentry"],"_links":{"self":[{"href":"https:\/\/www.ulrikesbilderbuch.com\/index.php?rest_route=\/wp\/v2\/pages\/514","targetHints":{"allow":["GET"]}}],"collection":[{"href":"https:\/\/www.ulrikesbilderbuch.com\/index.php?rest_route=\/wp\/v2\/pages"}],"about":[{"href":"https:\/\/www.ulrikesbilderbuch.com\/index.php?rest_route=\/wp\/v2\/types\/page"}],"author":[{"embeddable":true,"href":"https:\/\/www.ulrikesbilderbuch.com\/index.php?rest_route=\/wp\/v2\/users\/1"}],"replies":[{"embeddable":true,"href":"https:\/\/www.ulrikesbilderbuch.com\/index.php?rest_route=%2Fwp%2Fv2%2Fcomments&post=514"}],"version-history":[{"count":10,"href":"https:\/\/www.ulrikesbilderbuch.com\/index.php?rest_route=\/wp\/v2\/pages\/514\/revisions"}],"predecessor-version":[{"id":1290,"href":"https:\/\/www.ulrikesbilderbuch.com\/index.php?rest_route=\/wp\/v2\/pages\/514\/revisions\/1290"}],"wp:featuredmedia":[{"embeddable":true,"href":"https:\/\/www.ulrikesbilderbuch.com\/index.php?rest_route=\/wp\/v2\/media\/1250"}],"wp:attachment":[{"href":"https:\/\/www.ulrikesbilderbuch.com\/index.php?rest_route=%2Fwp%2Fv2%2Fmedia&parent=514"}],"curies":[{"name":"wp","href":"https:\/\/api.w.org\/{rel}","templated":true}]}}