{"id":668,"date":"2022-12-28T14:30:16","date_gmt":"2022-12-28T13:30:16","guid":{"rendered":"http:\/\/www.ulrikesbilderbuch.com\/?page_id=668"},"modified":"2023-04-21T06:25:33","modified_gmt":"2023-04-21T04:25:33","slug":"impressum","status":"publish","type":"page","link":"https:\/\/www.ulrikesbilderbuch.com\/?page_id=668","title":{"rendered":"Impressum"},"content":{"rendered":"\n<p>Ulrike.Schulz(Klammeraffe)gmx.at, Wien, \u00d6sterreich<\/p>\n\n\n\n<p>Meine Arbeiten sind nicht zum Verkauf gedacht, Ausnahmen sind m\u00f6glich. Ebenso fertige ich auf Wunsch Puppen oder Kost\u00fcme, sofern mich das Thema anspricht.<\/p>\n\n\n\n<p>Bilder: Ulrike Schulz, ausgenommen der Kost\u00fcmbilder &#8222;Star wars&#8220; und &#8222;Barockkost\u00fcme&#8220;, die aus der Tangobar stammen und von Marius Spannbauer aufgenommen wurden (http:\/\/www.tangobar.at\/).<\/p>\n\n\n\n<p>Die Homepages meiner Freunde:<\/p>\n\n\n\n<p><a href=\"http:\/\/www.wildsammlung.at\/blog\/\">http:\/\/www.wildsammlung.at\/blog\/<\/a><\/p>\n\n\n\n<p><a href=\"https:\/\/heinz-heinzmann.eu\/\">https:\/\/heinz-heinzmann.eu\/<\/a><\/p>\n\n\n\n<p><a href=\"https:\/\/www.judith-bernhart.eu\/\">https:\/\/www.judith-bernhart.eu\/<\/a><\/p>\n\n\n\n<p><\/p>\n\n\n\n<p><\/p>\n","protected":false},"excerpt":{"rendered":"<p>Ulrike.Schulz(Klammeraffe)gmx.at, Wien, \u00d6sterreich Meine Arbeiten sind nicht zum Verkauf gedacht, Ausnahmen sind m\u00f6glich. Ebenso fertige ich auf Wunsch Puppen oder Kost\u00fcme, sofern mich das Thema anspricht. Bilder: Ulrike Schulz, ausgenommen der Kost\u00fcmbilder &#8222;Star wars&#8220; und &#8222;Barockkost\u00fcme&#8220;, die aus der Tangobar stammen und von Marius Spannbauer aufgenommen wurden (http:\/\/www.tangobar.at\/). Die Homepages meiner Freunde: http:\/\/www.wildsammlung.at\/blog\/ https:\/\/heinz-heinzmann.eu\/ https:\/\/www.judith-bernhart.eu\/<\/p>\n","protected":false},"author":1,"featured_media":0,"parent":0,"menu_order":0,"comment_status":"closed","ping_status":"closed","template":"","meta":{"footnotes":""},"class_list":["post-668","page","type-page","status-publish","hentry"],"_links":{"self":[{"href":"https:\/\/www.ulrikesbilderbuch.com\/index.php?rest_route=\/wp\/v2\/pages\/668","targetHints":{"allow":["GET"]}}],"collection":[{"href":"https:\/\/www.ulrikesbilderbuch.com\/index.php?rest_route=\/wp\/v2\/pages"}],"about":[{"href":"https:\/\/www.ulrikesbilderbuch.com\/index.php?rest_route=\/wp\/v2\/types\/page"}],"author":[{"embeddable":true,"href":"https:\/\/www.ulrikesbilderbuch.com\/index.php?rest_route=\/wp\/v2\/users\/1"}],"replies":[{"embeddable":true,"href":"https:\/\/www.ulrikesbilderbuch.com\/index.php?rest_route=%2Fwp%2Fv2%2Fcomments&post=668"}],"version-history":[{"count":16,"href":"https:\/\/www.ulrikesbilderbuch.com\/index.php?rest_route=\/wp\/v2\/pages\/668\/revisions"}],"predecessor-version":[{"id":1073,"href":"https:\/\/www.ulrikesbilderbuch.com\/index.php?rest_route=\/wp\/v2\/pages\/668\/revisions\/1073"}],"wp:attachment":[{"href":"https:\/\/www.ulrikesbilderbuch.com\/index.php?rest_route=%2Fwp%2Fv2%2Fmedia&parent=668"}],"curies":[{"name":"wp","href":"https:\/\/api.w.org\/{rel}","templated":true}]}}