{"id":791,"date":"2023-01-11T20:53:03","date_gmt":"2023-01-11T19:53:03","guid":{"rendered":"http:\/\/www.ulrikesbilderbuch.com\/?page_id=791"},"modified":"2023-12-18T07:21:48","modified_gmt":"2023-12-18T06:21:48","slug":"julias-kleid","status":"publish","type":"page","link":"https:\/\/www.ulrikesbilderbuch.com\/?page_id=791","title":{"rendered":"Julias Kleid"},"content":{"rendered":"\n<p>Julia hat f\u00fcr einen Irish Dance Bewerb ein Kleid gebraucht. Ich habe ihr ein Basismodell aus schwarzen Samt mit rotem herzf\u00f6rmigen Satinaufsatz gen\u00e4ht. Verziert hat sie es selber.<\/p>\n\n\n\n<figure class=\"wp-block-gallery has-nested-images columns-default is-cropped wp-block-gallery-1 is-layout-flex wp-block-gallery-is-layout-flex\">\n<figure class=\"wp-block-image size-large\"><a href=\"https:\/\/www.ulrikesbilderbuch.com\/wp-content\/uploads\/2022\/12\/Rotherz5.jpg\"><img loading=\"lazy\" decoding=\"async\" width=\"450\" height=\"600\" data-id=\"97\" src=\"https:\/\/www.ulrikesbilderbuch.com\/wp-content\/uploads\/2022\/12\/Rotherz5.jpg\" alt=\"\" class=\"wp-image-97\" srcset=\"https:\/\/www.ulrikesbilderbuch.com\/wp-content\/uploads\/2022\/12\/Rotherz5.jpg 450w, https:\/\/www.ulrikesbilderbuch.com\/wp-content\/uploads\/2022\/12\/Rotherz5-225x300.jpg 225w\" sizes=\"auto, (max-width: 450px) 100vw, 450px\" \/><\/a><\/figure>\n\n\n\n<figure class=\"wp-block-image size-large\"><a href=\"https:\/\/www.ulrikesbilderbuch.com\/wp-content\/uploads\/2022\/12\/Rotherz4-scaled.jpg\"><img loading=\"lazy\" decoding=\"async\" width=\"768\" height=\"1024\" data-id=\"96\" src=\"https:\/\/www.ulrikesbilderbuch.com\/wp-content\/uploads\/2022\/12\/Rotherz4-768x1024.jpg\" alt=\"\" class=\"wp-image-96\" srcset=\"https:\/\/www.ulrikesbilderbuch.com\/wp-content\/uploads\/2022\/12\/Rotherz4-768x1024.jpg 768w, https:\/\/www.ulrikesbilderbuch.com\/wp-content\/uploads\/2022\/12\/Rotherz4-225x300.jpg 225w, https:\/\/www.ulrikesbilderbuch.com\/wp-content\/uploads\/2022\/12\/Rotherz4-1152x1536.jpg 1152w, https:\/\/www.ulrikesbilderbuch.com\/wp-content\/uploads\/2022\/12\/Rotherz4-1536x2048.jpg 1536w, https:\/\/www.ulrikesbilderbuch.com\/wp-content\/uploads\/2022\/12\/Rotherz4-scaled.jpg 1920w\" sizes=\"auto, (max-width: 768px) 100vw, 768px\" \/><\/a><\/figure>\n\n\n\n<figure class=\"wp-block-image size-large\"><a href=\"https:\/\/www.ulrikesbilderbuch.com\/wp-content\/uploads\/2022\/12\/Rotherz3-scaled.jpg\"><img loading=\"lazy\" decoding=\"async\" width=\"768\" height=\"1024\" data-id=\"95\" src=\"https:\/\/www.ulrikesbilderbuch.com\/wp-content\/uploads\/2022\/12\/Rotherz3-768x1024.jpg\" alt=\"\" class=\"wp-image-95\" srcset=\"https:\/\/www.ulrikesbilderbuch.com\/wp-content\/uploads\/2022\/12\/Rotherz3-768x1024.jpg 768w, https:\/\/www.ulrikesbilderbuch.com\/wp-content\/uploads\/2022\/12\/Rotherz3-225x300.jpg 225w, https:\/\/www.ulrikesbilderbuch.com\/wp-content\/uploads\/2022\/12\/Rotherz3-1152x1536.jpg 1152w, https:\/\/www.ulrikesbilderbuch.com\/wp-content\/uploads\/2022\/12\/Rotherz3-1536x2048.jpg 1536w, https:\/\/www.ulrikesbilderbuch.com\/wp-content\/uploads\/2022\/12\/Rotherz3-scaled.jpg 1920w\" sizes=\"auto, (max-width: 768px) 100vw, 768px\" \/><\/a><\/figure>\n\n\n\n<figure class=\"wp-block-image size-large\"><a href=\"https:\/\/www.ulrikesbilderbuch.com\/wp-content\/uploads\/2022\/12\/Rotherz2.jpg\"><img loading=\"lazy\" decoding=\"async\" width=\"843\" height=\"1024\" data-id=\"94\" src=\"https:\/\/www.ulrikesbilderbuch.com\/wp-content\/uploads\/2022\/12\/Rotherz2-843x1024.jpg\" alt=\"\" class=\"wp-image-94\" srcset=\"https:\/\/www.ulrikesbilderbuch.com\/wp-content\/uploads\/2022\/12\/Rotherz2-843x1024.jpg 843w, https:\/\/www.ulrikesbilderbuch.com\/wp-content\/uploads\/2022\/12\/Rotherz2-247x300.jpg 247w, https:\/\/www.ulrikesbilderbuch.com\/wp-content\/uploads\/2022\/12\/Rotherz2-768x933.jpg 768w, https:\/\/www.ulrikesbilderbuch.com\/wp-content\/uploads\/2022\/12\/Rotherz2-1264x1536.jpg 1264w, https:\/\/www.ulrikesbilderbuch.com\/wp-content\/uploads\/2022\/12\/Rotherz2-1685x2048.jpg 1685w, https:\/\/www.ulrikesbilderbuch.com\/wp-content\/uploads\/2022\/12\/Rotherz2.jpg 1974w\" sizes=\"auto, (max-width: 843px) 100vw, 843px\" \/><\/a><figcaption class=\"wp-element-caption\">Irish-Dance-Kleid, noch ohne Verzierung<\/figcaption><\/figure>\n<\/figure>\n","protected":false},"excerpt":{"rendered":"<p>Julia hat f\u00fcr einen Irish Dance Bewerb ein Kleid gebraucht. Ich habe ihr ein Basismodell aus schwarzen Samt mit rotem herzf\u00f6rmigen Satinaufsatz gen\u00e4ht. Verziert hat sie es selber.<\/p>\n","protected":false},"author":1,"featured_media":93,"parent":0,"menu_order":0,"comment_status":"closed","ping_status":"closed","template":"","meta":{"footnotes":""},"class_list":["post-791","page","type-page","status-publish","has-post-thumbnail","hentry"],"_links":{"self":[{"href":"https:\/\/www.ulrikesbilderbuch.com\/index.php?rest_route=\/wp\/v2\/pages\/791","targetHints":{"allow":["GET"]}}],"collection":[{"href":"https:\/\/www.ulrikesbilderbuch.com\/index.php?rest_route=\/wp\/v2\/pages"}],"about":[{"href":"https:\/\/www.ulrikesbilderbuch.com\/index.php?rest_route=\/wp\/v2\/types\/page"}],"author":[{"embeddable":true,"href":"https:\/\/www.ulrikesbilderbuch.com\/index.php?rest_route=\/wp\/v2\/users\/1"}],"replies":[{"embeddable":true,"href":"https:\/\/www.ulrikesbilderbuch.com\/index.php?rest_route=%2Fwp%2Fv2%2Fcomments&post=791"}],"version-history":[{"count":4,"href":"https:\/\/www.ulrikesbilderbuch.com\/index.php?rest_route=\/wp\/v2\/pages\/791\/revisions"}],"predecessor-version":[{"id":1259,"href":"https:\/\/www.ulrikesbilderbuch.com\/index.php?rest_route=\/wp\/v2\/pages\/791\/revisions\/1259"}],"wp:featuredmedia":[{"embeddable":true,"href":"https:\/\/www.ulrikesbilderbuch.com\/index.php?rest_route=\/wp\/v2\/media\/93"}],"wp:attachment":[{"href":"https:\/\/www.ulrikesbilderbuch.com\/index.php?rest_route=%2Fwp%2Fv2%2Fmedia&parent=791"}],"curies":[{"name":"wp","href":"https:\/\/api.w.org\/{rel}","templated":true}]}}